{"id":35543,"date":"2025-07-24T17:14:58","date_gmt":"2025-07-24T15:14:58","guid":{"rendered":"https:\/\/www.prattriatlo.com\/duatlo-cross-infantil-del-riu-prat-triatle-1994\/"},"modified":"2025-07-28T13:18:37","modified_gmt":"2025-07-28T11:18:37","slug":"duatlo-cross-infantil-del-riu-prat-triatle-1994","status":"publish","type":"page","link":"https:\/\/www.prattriatlo.com\/ca\/duatlo-cross-infantil-del-riu-prat-triatle-1994\/","title":{"rendered":"DUATL\u00d3 CROSS INFANTIL DEL RIU PRAT TRIATLE 1994"},"content":{"rendered":"\t\t<div data-elementor-type=\"wp-page\" data-elementor-id=\"35543\" class=\"elementor elementor-35543 elementor-34885\">\n\t\t\t\t\t\t<section class=\"elementor-section elementor-top-section elementor-element elementor-element-ca20ceb elementor-section-height-min-height elementor-section-boxed elementor-section-height-default elementor-section-items-middle sc_fly_static\" data-id=\"ca20ceb\" data-element_type=\"section\" data-settings=\"{&quot;background_background&quot;:&quot;classic&quot;}\">\n\t\t\t\t\t\t<div class=\"elementor-container elementor-column-gap-extended\">\n\t\t\t\t\t<div class=\"elementor-column elementor-col-100 elementor-top-column elementor-element elementor-element-31312b0 sc_content_align_inherit sc_layouts_column_icons_position_left sc_fly_static\" data-id=\"31312b0\" data-element_type=\"column\">\n\t\t\t<div class=\"elementor-widget-wrap elementor-element-populated\">\n\t\t\t\t\t\t<div class=\"elementor-element elementor-element-227e09b sc_fly_static elementor-widget elementor-widget-trx_sc_title\" data-id=\"227e09b\" data-element_type=\"widget\" data-widget_type=\"trx_sc_title.default\">\n\t\t\t\t<div class=\"elementor-widget-container\">\n\t\t\t\t\t<div\t\tclass=\"sc_title sc_title_default\" ><span class=\"sc_item_subtitle sc_title_subtitle sc_align_center sc_item_subtitle_above sc_item_title_style_default sc_item_subtitle_with_custom_color trx_addons_inline_1248870536\">CURSA<\/span><h1 class=\"sc_item_title sc_title_title sc_align_center sc_item_title_style_default sc_item_title_tag trx_addons_inline_1160326206\"\n\t\t\t><span class=\"sc_item_title_text\">DUATL\u00d3 CROSS INFANTIL DEL RIU PRAT TRIATLE 1994<\/span><\/h1><\/div>\t\t\t\t<\/div>\n\t\t\t\t<\/div>\n\t\t\t\t\t<\/div>\n\t\t<\/div>\n\t\t\t\t\t<\/div>\n\t\t<\/section>\n\t\t\t\t<section class=\"elementor-section elementor-top-section elementor-element elementor-element-86a775b elementor-section-boxed elementor-section-height-default elementor-section-height-default sc_fly_static\" data-id=\"86a775b\" data-element_type=\"section\">\n\t\t\t\t\t\t<div class=\"elementor-container elementor-column-gap-extended\">\n\t\t\t\t\t<div class=\"elementor-column elementor-col-100 elementor-top-column elementor-element elementor-element-728eab5 sc_content_align_inherit sc_layouts_column_icons_position_left sc_fly_static\" data-id=\"728eab5\" data-element_type=\"column\">\n\t\t\t<div class=\"elementor-widget-wrap elementor-element-populated\">\n\t\t\t\t\t\t<div class=\"elementor-element elementor-element-1cc897f sc_fly_static elementor-widget elementor-widget-text-editor\" data-id=\"1cc897f\" data-element_type=\"widget\" data-widget_type=\"text-editor.default\">\n\t\t\t\t<div class=\"elementor-widget-container\">\n\t\t\t\t\t\t\t\t\t<p>Aquesta nova cursa, va veure la llum el 2025, i aprofita un espai interessant que disposa la nostra localitat, el parc fluvial del Llobregat, estenent el circuit per les sendes que ressegueixen el mateix riu Llobregat, generant un circuit amb BTT divertit i alhora poc t\u00e8cnic, facilitant el car\u00e0cter promocional de la prova. Inclou tamb\u00e9 un tra\u00e7at a peu pel mateix parc fluvial, incloent-hi un tram d&#8217;escales caracter\u00edstic que aporten un segell personal a la prova.<\/p>\t\t\t\t\t\t\t\t<\/div>\n\t\t\t\t<\/div>\n\t\t\t\t<div class=\"elementor-element elementor-element-1f473b5 sc_fly_static elementor-widget elementor-widget-text-editor\" data-id=\"1f473b5\" data-element_type=\"widget\" data-widget_type=\"text-editor.default\">\n\t\t\t\t<div class=\"elementor-widget-container\">\n\t\t\t\t\t\t\t\t\t<p><span style=\"font-family: 'DM Sans', sans-serif; font-size: 18px; font-style: normal; font-weight: 400; letter-spacing: 0.1px;\">  Des dels m\u00e9s petits (prebenjamins), fins als m\u00e9s grans, juvenils, tenen el tra\u00e7at adaptat a les seves caracter\u00edstiques i possibilitats. En aquest cas, si s&#8217;hi inclouen els premis als 3 millors classificats de cadascuna d&#8217;aquestes categories.  <\/span><\/p>\t\t\t\t\t\t\t\t<\/div>\n\t\t\t\t<\/div>\n\t\t\t\t\t<\/div>\n\t\t<\/div>\n\t\t\t\t\t<\/div>\n\t\t<\/section>\n\t\t\t\t<\/div>\n\t\t","protected":false},"excerpt":{"rendered":"<p>CURSA DUATL\u00d3 CROSS INFANTIL DEL RIU PRAT TRIATLE 1994 Aquesta nova cursa, va veure la llum el 2025, i aprofita un espai interessant que disposa la nostra localitat, el parc&hellip;<\/p>\n","protected":false},"author":1,"featured_media":0,"parent":0,"menu_order":0,"comment_status":"closed","ping_status":"closed","template":"","meta":{"footnotes":""},"class_list":["post-35543","page","type-page","status-publish","hentry"],"yoast_head":"<!-- This site is optimized with the Yoast SEO plugin v25.6 - https:\/\/yoast.com\/wordpress\/plugins\/seo\/ -->\n<title>DUATL\u00d3 CROSS INFANTIL DEL RIU PRAT TRIATLE 1994 - Prat Triatl\u00f3<\/title>\n<meta name=\"robots\" content=\"index, follow, max-snippet:-1, max-image-preview:large, max-video-preview:-1\" \/>\n<link rel=\"canonical\" href=\"https:\/\/www.prattriatlo.com\/ca\/duatlo-cross-infantil-del-riu-prat-triatle-1994\/\" \/>\n<meta property=\"og:locale\" content=\"ca_ES\" \/>\n<meta property=\"og:type\" content=\"article\" \/>\n<meta property=\"og:title\" content=\"DUATL\u00d3 CROSS INFANTIL DEL RIU PRAT TRIATLE 1994 - Prat Triatl\u00f3\" \/>\n<meta property=\"og:description\" content=\"CURSA DUATL\u00d3 CROSS INFANTIL DEL RIU PRAT TRIATLE 1994 Aquesta nova cursa, va veure la llum el 2025, i aprofita un espai interessant que disposa la nostra localitat, el parc&hellip;\" \/>\n<meta property=\"og:url\" content=\"https:\/\/www.prattriatlo.com\/ca\/duatlo-cross-infantil-del-riu-prat-triatle-1994\/\" \/>\n<meta property=\"og:site_name\" content=\"Prat Triatl\u00f3\" \/>\n<meta property=\"article:publisher\" content=\"https:\/\/www.facebook.com\/prattriatlo\" \/>\n<meta property=\"article:modified_time\" content=\"2025-07-28T11:18:37+00:00\" \/>\n<meta name=\"twitter:card\" content=\"summary_large_image\" \/>\n<meta name=\"twitter:site\" content=\"@prattriatlo\" \/>\n<meta name=\"twitter:label1\" content=\"Temps estimat de lectura\" \/>\n\t<meta name=\"twitter:data1\" content=\"1 minut\" \/>\n<script type=\"application\/ld+json\" class=\"yoast-schema-graph\">{\"@context\":\"https:\/\/schema.org\",\"@graph\":[{\"@type\":\"WebPage\",\"@id\":\"https:\/\/www.prattriatlo.com\/ca\/duatlo-cross-infantil-del-riu-prat-triatle-1994\/\",\"url\":\"https:\/\/www.prattriatlo.com\/ca\/duatlo-cross-infantil-del-riu-prat-triatle-1994\/\",\"name\":\"DUATL\u00d3 CROSS INFANTIL DEL RIU PRAT TRIATLE 1994 - Prat Triatl\u00f3\",\"isPartOf\":{\"@id\":\"https:\/\/www.prattriatlo.com\/#website\"},\"datePublished\":\"2025-07-24T15:14:58+00:00\",\"dateModified\":\"2025-07-28T11:18:37+00:00\",\"breadcrumb\":{\"@id\":\"https:\/\/www.prattriatlo.com\/ca\/duatlo-cross-infantil-del-riu-prat-triatle-1994\/#breadcrumb\"},\"inLanguage\":\"ca\",\"potentialAction\":[{\"@type\":\"ReadAction\",\"target\":[\"https:\/\/www.prattriatlo.com\/ca\/duatlo-cross-infantil-del-riu-prat-triatle-1994\/\"]}]},{\"@type\":\"BreadcrumbList\",\"@id\":\"https:\/\/www.prattriatlo.com\/ca\/duatlo-cross-infantil-del-riu-prat-triatle-1994\/#breadcrumb\",\"itemListElement\":[{\"@type\":\"ListItem\",\"position\":1,\"name\":\"Portada\",\"item\":\"https:\/\/www.prattriatlo.com\/ca\/prat-triatlo\/\"},{\"@type\":\"ListItem\",\"position\":2,\"name\":\"DUATL\u00d3 CROSS INFANTIL DEL RIU PRAT TRIATLE 1994\"}]},{\"@type\":\"WebSite\",\"@id\":\"https:\/\/www.prattriatlo.com\/#website\",\"url\":\"https:\/\/www.prattriatlo.com\/\",\"name\":\"Prat Triatl\u00f3\",\"description\":\"\",\"publisher\":{\"@id\":\"https:\/\/www.prattriatlo.com\/#organization\"},\"potentialAction\":[{\"@type\":\"SearchAction\",\"target\":{\"@type\":\"EntryPoint\",\"urlTemplate\":\"https:\/\/www.prattriatlo.com\/?s={search_term_string}\"},\"query-input\":{\"@type\":\"PropertyValueSpecification\",\"valueRequired\":true,\"valueName\":\"search_term_string\"}}],\"inLanguage\":\"ca\"},{\"@type\":\"Organization\",\"@id\":\"https:\/\/www.prattriatlo.com\/#organization\",\"name\":\"Prat Triatl\u00f3\",\"url\":\"https:\/\/www.prattriatlo.com\/\",\"logo\":{\"@type\":\"ImageObject\",\"inLanguage\":\"ca\",\"@id\":\"https:\/\/www.prattriatlo.com\/#\/schema\/logo\/image\/\",\"url\":\"https:\/\/www.prattriatlo.com\/wp-content\/uploads\/2023\/08\/logo-pt.svg\",\"contentUrl\":\"https:\/\/www.prattriatlo.com\/wp-content\/uploads\/2023\/08\/logo-pt.svg\",\"width\":1,\"height\":1,\"caption\":\"Prat Triatl\u00f3\"},\"image\":{\"@id\":\"https:\/\/www.prattriatlo.com\/#\/schema\/logo\/image\/\"},\"sameAs\":[\"https:\/\/www.facebook.com\/prattriatlo\",\"https:\/\/x.com\/prattriatlo\",\"https:\/\/www.youtube.com\/channel\/UCLDVwUH-kccGVwfV_0wzRHw\",\"https:\/\/www.instagram.com\/prattriatlo\",\"https:\/\/www.flickr.com\/photos\/prattriatlo\"]}]}<\/script>\n<!-- \/ Yoast SEO plugin. -->","yoast_head_json":{"title":"DUATL\u00d3 CROSS INFANTIL DEL RIU PRAT TRIATLE 1994 - Prat Triatl\u00f3","robots":{"index":"index","follow":"follow","max-snippet":"max-snippet:-1","max-image-preview":"max-image-preview:large","max-video-preview":"max-video-preview:-1"},"canonical":"https:\/\/www.prattriatlo.com\/ca\/duatlo-cross-infantil-del-riu-prat-triatle-1994\/","og_locale":"ca_ES","og_type":"article","og_title":"DUATL\u00d3 CROSS INFANTIL DEL RIU PRAT TRIATLE 1994 - Prat Triatl\u00f3","og_description":"CURSA DUATL\u00d3 CROSS INFANTIL DEL RIU PRAT TRIATLE 1994 Aquesta nova cursa, va veure la llum el 2025, i aprofita un espai interessant que disposa la nostra localitat, el parc&hellip;","og_url":"https:\/\/www.prattriatlo.com\/ca\/duatlo-cross-infantil-del-riu-prat-triatle-1994\/","og_site_name":"Prat Triatl\u00f3","article_publisher":"https:\/\/www.facebook.com\/prattriatlo","article_modified_time":"2025-07-28T11:18:37+00:00","twitter_card":"summary_large_image","twitter_site":"@prattriatlo","twitter_misc":{"Temps estimat de lectura":"1 minut"},"schema":{"@context":"https:\/\/schema.org","@graph":[{"@type":"WebPage","@id":"https:\/\/www.prattriatlo.com\/ca\/duatlo-cross-infantil-del-riu-prat-triatle-1994\/","url":"https:\/\/www.prattriatlo.com\/ca\/duatlo-cross-infantil-del-riu-prat-triatle-1994\/","name":"DUATL\u00d3 CROSS INFANTIL DEL RIU PRAT TRIATLE 1994 - Prat Triatl\u00f3","isPartOf":{"@id":"https:\/\/www.prattriatlo.com\/#website"},"datePublished":"2025-07-24T15:14:58+00:00","dateModified":"2025-07-28T11:18:37+00:00","breadcrumb":{"@id":"https:\/\/www.prattriatlo.com\/ca\/duatlo-cross-infantil-del-riu-prat-triatle-1994\/#breadcrumb"},"inLanguage":"ca","potentialAction":[{"@type":"ReadAction","target":["https:\/\/www.prattriatlo.com\/ca\/duatlo-cross-infantil-del-riu-prat-triatle-1994\/"]}]},{"@type":"BreadcrumbList","@id":"https:\/\/www.prattriatlo.com\/ca\/duatlo-cross-infantil-del-riu-prat-triatle-1994\/#breadcrumb","itemListElement":[{"@type":"ListItem","position":1,"name":"Portada","item":"https:\/\/www.prattriatlo.com\/ca\/prat-triatlo\/"},{"@type":"ListItem","position":2,"name":"DUATL\u00d3 CROSS INFANTIL DEL RIU PRAT TRIATLE 1994"}]},{"@type":"WebSite","@id":"https:\/\/www.prattriatlo.com\/#website","url":"https:\/\/www.prattriatlo.com\/","name":"Prat Triatl\u00f3","description":"","publisher":{"@id":"https:\/\/www.prattriatlo.com\/#organization"},"potentialAction":[{"@type":"SearchAction","target":{"@type":"EntryPoint","urlTemplate":"https:\/\/www.prattriatlo.com\/?s={search_term_string}"},"query-input":{"@type":"PropertyValueSpecification","valueRequired":true,"valueName":"search_term_string"}}],"inLanguage":"ca"},{"@type":"Organization","@id":"https:\/\/www.prattriatlo.com\/#organization","name":"Prat Triatl\u00f3","url":"https:\/\/www.prattriatlo.com\/","logo":{"@type":"ImageObject","inLanguage":"ca","@id":"https:\/\/www.prattriatlo.com\/#\/schema\/logo\/image\/","url":"https:\/\/www.prattriatlo.com\/wp-content\/uploads\/2023\/08\/logo-pt.svg","contentUrl":"https:\/\/www.prattriatlo.com\/wp-content\/uploads\/2023\/08\/logo-pt.svg","width":1,"height":1,"caption":"Prat Triatl\u00f3"},"image":{"@id":"https:\/\/www.prattriatlo.com\/#\/schema\/logo\/image\/"},"sameAs":["https:\/\/www.facebook.com\/prattriatlo","https:\/\/x.com\/prattriatlo","https:\/\/www.youtube.com\/channel\/UCLDVwUH-kccGVwfV_0wzRHw","https:\/\/www.instagram.com\/prattriatlo","https:\/\/www.flickr.com\/photos\/prattriatlo"]}]}},"_links":{"self":[{"href":"https:\/\/www.prattriatlo.com\/ca\/wp-json\/wp\/v2\/pages\/35543","targetHints":{"allow":["GET"]}}],"collection":[{"href":"https:\/\/www.prattriatlo.com\/ca\/wp-json\/wp\/v2\/pages"}],"about":[{"href":"https:\/\/www.prattriatlo.com\/ca\/wp-json\/wp\/v2\/types\/page"}],"author":[{"embeddable":true,"href":"https:\/\/www.prattriatlo.com\/ca\/wp-json\/wp\/v2\/users\/1"}],"replies":[{"embeddable":true,"href":"https:\/\/www.prattriatlo.com\/ca\/wp-json\/wp\/v2\/comments?post=35543"}],"version-history":[{"count":1,"href":"https:\/\/www.prattriatlo.com\/ca\/wp-json\/wp\/v2\/pages\/35543\/revisions"}],"predecessor-version":[{"id":35544,"href":"https:\/\/www.prattriatlo.com\/ca\/wp-json\/wp\/v2\/pages\/35543\/revisions\/35544"}],"wp:attachment":[{"href":"https:\/\/www.prattriatlo.com\/ca\/wp-json\/wp\/v2\/media?parent=35543"}],"curies":[{"name":"wp","href":"https:\/\/api.w.org\/{rel}","templated":true}]}}